{"id":85,"date":"2025-10-11T15:00:57","date_gmt":"2025-10-11T13:00:57","guid":{"rendered":"http:\/\/praxis-sandbothe.de\/behandlung\/"},"modified":"2026-03-02T15:37:11","modified_gmt":"2026-03-02T14:37:11","slug":"behandlung","status":"publish","type":"page","link":"https:\/\/praxis-sandbothe.de\/en\/behandlung\/","title":{"rendered":"Behandlung"},"content":{"rendered":"<div data-elementor-type=\"wp-page\" data-elementor-id=\"85\" class=\"elementor elementor-85\" data-elementor-post-type=\"page\">\n\t\t\t\t<div class=\"elementor-element elementor-element-1258abbc e-flex e-con-boxed e-con e-parent\" data-id=\"1258abbc\" data-element_type=\"container\" data-e-type=\"container\" data-settings=\"{&quot;background_background&quot;:&quot;classic&quot;}\">\n\t\t\t\t\t<div class=\"e-con-inner\">\n\t\t<div class=\"elementor-element elementor-element-7ff4a585 e-con-full e-flex e-con e-child\" data-id=\"7ff4a585\" data-element_type=\"container\" data-e-type=\"container\">\n\t\t\t\t<div class=\"elementor-element elementor-element-4b5cde4 elementor-widget elementor-widget-heading\" data-id=\"4b5cde4\" data-element_type=\"widget\" data-e-type=\"widget\" data-widget_type=\"heading.default\">\n\t\t\t\t\t<h1 class=\"elementor-heading-title elementor-size-default\">Praxis f\u00fcr ganzheitliche Medizin in Berlin<\/h1>\t\t\t\t<\/div>\n\t\t\t\t<div class=\"elementor-element elementor-element-13eadc47 elementor-widget elementor-widget-text-editor\" data-id=\"13eadc47\" data-element_type=\"widget\" data-e-type=\"widget\" data-widget_type=\"text-editor.default\">\n\t\t\t\t\t\t\t\t\t<p>In meiner Praxis nehme ich mir Zeit und betrachte Beschwerden ganzheitlich<\/p>\t\t\t\t\t\t\t\t<\/div>\n\t\t\t\t<\/div>\n\t\t\t\t\t<\/div>\n\t\t\t\t<\/div>\n\t\t<div class=\"elementor-element elementor-element-6fd3b5fa e-flex e-con-boxed e-con e-parent\" data-id=\"6fd3b5fa\" data-element_type=\"container\" data-e-type=\"container\" data-settings=\"{&quot;background_background&quot;:&quot;classic&quot;}\">\n\t\t\t\t\t<div class=\"e-con-inner\">\n\t\t<div class=\"elementor-element elementor-element-4af865ee e-con-full e-flex e-con e-child\" data-id=\"4af865ee\" data-element_type=\"container\" data-e-type=\"container\">\n\t\t\t\t<div class=\"elementor-element elementor-element-55e4a193 elementor-widget-mobile__width-inherit elementor-widget elementor-widget-heading\" data-id=\"55e4a193\" data-element_type=\"widget\" data-e-type=\"widget\" data-widget_type=\"heading.default\">\n\t\t\t\t\t<h2 class=\"elementor-heading-title elementor-size-default\">Mein Angebot<\/h2>\t\t\t\t<\/div>\n\t\t\t\t<div class=\"elementor-element elementor-element-31f4e6f0 elementor-widget elementor-widget-text-editor\" data-id=\"31f4e6f0\" data-element_type=\"widget\" data-e-type=\"widget\" data-widget_type=\"text-editor.default\">\n\t\t\t\t\t\t\t\t\t<p data-pm-slice=\"1 1 []\">Im Mittelpunkt meiner Arbeit als Heilpraktikerin steht die <a href=\"https:\/\/praxis-sandbothe.de\/en\/akupunktur\/\">Akupunktur<\/a> \u2013 eine bew\u00e4hrte Methode, die oft bereits w\u00e4hrend der Behandlung sp\u00fcrbare Linderung bringt. Je nach Anliegen erg\u00e4nze ich die Behandlung durch alltagstaugliche Ern\u00e4hrungsempfehlungen und weitere naturheilkundliche Impulse. Ziel ist nicht nur kurzfristige Besserung \u2013 sondern echte, nachhaltige Gesundheit.<\/p>\t\t\t\t\t\t\t\t<\/div>\n\t\t\t\t<\/div>\n\t\t<div class=\"elementor-element elementor-element-5b3be284 e-con-full e-flex e-con e-child\" data-id=\"5b3be284\" data-element_type=\"container\" data-e-type=\"container\">\n\t\t<div class=\"elementor-element elementor-element-57362564 e-con-full e-flex e-con e-child\" data-id=\"57362564\" data-element_type=\"container\" data-e-type=\"container\">\n\t\t\t\t<div class=\"elementor-element elementor-element-493d2635 elementor-widget elementor-widget-heading\" data-id=\"493d2635\" data-element_type=\"widget\" data-e-type=\"widget\" data-widget_type=\"heading.default\">\n\t\t\t\t\t<h4 class=\"elementor-heading-title elementor-size-default\">Stress- &amp; Schlafmanagement<\/h4>\t\t\t\t<\/div>\n\t\t\t\t<div class=\"elementor-element elementor-element-26a197cc elementor-widget elementor-widget-text-editor\" data-id=\"26a197cc\" data-element_type=\"widget\" data-e-type=\"widget\" data-widget_type=\"text-editor.default\">\n\t\t\t\t\t\t\t\t\t<p>Stress, Ersch\u00f6pfung, Schlaflosigkeit \u2013 alles Symptome unserer Zeit, um die wir uns h\u00e4ufig nicht ausreichend k\u00fcmmern. In meiner Praxis \u00e4ndern wir das. Hier finden Sie ein offenes Ohr, Ruhe und endlich Entspannung.<\/p>\t\t\t\t\t\t\t\t<\/div>\n\t\t\t\t<\/div>\n\t\t<div class=\"elementor-element elementor-element-19738487 e-con-full e-flex e-con e-child\" data-id=\"19738487\" data-element_type=\"container\" data-e-type=\"container\">\n\t\t\t\t<div class=\"elementor-element elementor-element-24726cf6 elementor-widget elementor-widget-heading\" data-id=\"24726cf6\" data-element_type=\"widget\" data-e-type=\"widget\" data-widget_type=\"heading.default\">\n\t\t\t\t\t<h4 class=\"elementor-heading-title elementor-size-default\">Schmerztherapie<\/h4>\t\t\t\t<\/div>\n\t\t\t\t<div class=\"elementor-element elementor-element-211ae1c6 elementor-widget elementor-widget-text-editor\" data-id=\"211ae1c6\" data-element_type=\"widget\" data-e-type=\"widget\" data-widget_type=\"text-editor.default\">\n\t\t\t\t\t\t\t\t\t<p>Ob in R\u00fccken, Schulter, Knie oder Kopf \u2013 chronische wie akute Schmerzen k\u00f6nnen das Leben schwer belasten. Akupunktur bringt effektiv Linderung der Schmerzen und mehr Beweglichkeit.<\/p>\t\t\t\t\t\t\t\t<\/div>\n\t\t\t\t<\/div>\n\t\t<div class=\"elementor-element elementor-element-5c3a796d e-con-full e-flex e-con e-child\" data-id=\"5c3a796d\" data-element_type=\"container\" data-e-type=\"container\">\n\t\t\t\t<div class=\"elementor-element elementor-element-7c14450 elementor-widget elementor-widget-heading\" data-id=\"7c14450\" data-element_type=\"widget\" data-e-type=\"widget\" data-widget_type=\"heading.default\">\n\t\t\t\t\t<h4 class=\"elementor-heading-title elementor-size-default\">Magen-Darm-Gesundheit<\/h4>\t\t\t\t<\/div>\n\t\t\t\t<div class=\"elementor-element elementor-element-57562f1b elementor-widget elementor-widget-text-editor\" data-id=\"57562f1b\" data-element_type=\"widget\" data-e-type=\"widget\" data-widget_type=\"text-editor.default\">\n\t\t\t\t\t\t\t\t\t<p>Reizdarm, chronische Magen-Darm-Erkrankungen, V\u00f6llegef\u00fchl \u2013 Akupunktur und Ern\u00e4hrungsanpassungen bringen Entspannung in den Bauch und das Leben.<\/p>\t\t\t\t\t\t\t\t<\/div>\n\t\t\t\t<\/div>\n\t\t<div class=\"elementor-element elementor-element-79996719 e-con-full e-flex e-con e-child\" data-id=\"79996719\" data-element_type=\"container\" data-e-type=\"container\">\n\t\t\t\t<div class=\"elementor-element elementor-element-6b9979bd elementor-widget elementor-widget-heading\" data-id=\"6b9979bd\" data-element_type=\"widget\" data-e-type=\"widget\" data-widget_type=\"heading.default\">\n\t\t\t\t\t<h4 class=\"elementor-heading-title elementor-size-default\">Kinderwunsch &amp; Geburtsvorbereitung<\/h4>\t\t\t\t<\/div>\n\t\t\t\t<div class=\"elementor-element elementor-element-446878f0 elementor-widget elementor-widget-text-editor\" data-id=\"446878f0\" data-element_type=\"widget\" data-e-type=\"widget\" data-widget_type=\"text-editor.default\">\n\t\t\t\t\t\t\t\t\t<p>Der Kinderwunsch ist gro\u00df und die IVF\/ICSI bisher nicht erfolgreich? Akupunktur kann die Kinderwunschbehandlung wirkungsvoll begleiten und Sie zus\u00e4tzlich emotional unterst\u00fctzen.<\/p>\t\t\t\t\t\t\t\t<\/div>\n\t\t\t\t<\/div>\n\t\t<div class=\"elementor-element elementor-element-3ba6937b e-con-full e-flex e-con e-child\" data-id=\"3ba6937b\" data-element_type=\"container\" data-e-type=\"container\">\n\t\t\t\t<div class=\"elementor-element elementor-element-7645d45 elementor-widget elementor-widget-heading\" data-id=\"7645d45\" data-element_type=\"widget\" data-e-type=\"widget\" data-widget_type=\"heading.default\">\n\t\t\t\t\t<h4 class=\"elementor-heading-title elementor-size-default\">St\u00e4rkung des Immunsystems<\/h4>\t\t\t\t<\/div>\n\t\t\t\t<div class=\"elementor-element elementor-element-4d875c63 elementor-widget elementor-widget-text-editor\" data-id=\"4d875c63\" data-element_type=\"widget\" data-e-type=\"widget\" data-widget_type=\"text-editor.default\">\n\t\t\t\t\t\t\t\t\t<p>Sie werden st\u00e4ndig krank oder leiden unter Allergien? Mit Akupunktur bringen wir Ihr Immunsystem wieder ins Gleichgewicht und Sie besser durch die n\u00e4chste Grippe- oder Heuschnupfensaison.<\/p>\t\t\t\t\t\t\t\t<\/div>\n\t\t\t\t<\/div>\n\t\t<div class=\"elementor-element elementor-element-4ff17b5f e-con-full e-flex e-con e-child\" data-id=\"4ff17b5f\" data-element_type=\"container\" data-e-type=\"container\">\n\t\t\t\t<div class=\"elementor-element elementor-element-2125878e elementor-widget elementor-widget-heading\" data-id=\"2125878e\" data-element_type=\"widget\" data-e-type=\"widget\" data-widget_type=\"heading.default\">\n\t\t\t\t\t<h4 class=\"elementor-heading-title elementor-size-default\">Rauchentw\u00f6hnung<\/h4>\t\t\t\t<\/div>\n\t\t\t\t<div class=\"elementor-element elementor-element-3f6940db elementor-widget elementor-widget-text-editor\" data-id=\"3f6940db\" data-element_type=\"widget\" data-e-type=\"widget\" data-widget_type=\"text-editor.default\">\n\t\t\t\t\t\t\t\t\t<p>Das Rauchen aufzugeben, ist ein gro\u00dfartiger Entschluss und es muss gar nicht schwer sein \u2013 mit einem bew\u00e4hrten Schema der Ohrakupunktur wird der Wille gest\u00e4rkt und das Verlangen gemindert.<\/p>\t\t\t\t\t\t\t\t<\/div>\n\t\t\t\t<\/div>\n\t\t\t\t<\/div>\n\t\t\t\t\t<\/div>\n\t\t\t\t<\/div>\n\t\t<div class=\"elementor-element elementor-element-258bc4c e-flex e-con-boxed e-con e-parent\" data-id=\"258bc4c\" data-element_type=\"container\" data-e-type=\"container\" data-settings=\"{&quot;background_background&quot;:&quot;classic&quot;}\">\n\t\t\t\t\t<div class=\"e-con-inner\">\n\t\t<div class=\"elementor-element elementor-element-a43deb4 e-con-full e-flex e-con e-child\" data-id=\"a43deb4\" data-element_type=\"container\" data-e-type=\"container\">\n\t\t\t\t<div class=\"elementor-element elementor-element-9b51d67 elementor-widget elementor-widget-image\" data-id=\"9b51d67\" data-element_type=\"widget\" data-e-type=\"widget\" data-widget_type=\"image.default\">\n\t\t\t\t\t\t\t\t\t\t\t\t\t\t\t<img fetchpriority=\"high\" decoding=\"async\" width=\"800\" height=\"534\" src=\"https:\/\/praxis-sandbothe.de\/wp-content\/uploads\/2025\/10\/DSCF6355_e-1024x683.jpg\" class=\"attachment-large size-large wp-image-199\" alt=\"\" srcset=\"https:\/\/praxis-sandbothe.de\/wp-content\/uploads\/2025\/10\/DSCF6355_e-1024x683.jpg 1024w, https:\/\/praxis-sandbothe.de\/wp-content\/uploads\/2025\/10\/DSCF6355_e-300x200.jpg 300w, https:\/\/praxis-sandbothe.de\/wp-content\/uploads\/2025\/10\/DSCF6355_e-768x512.jpg 768w, https:\/\/praxis-sandbothe.de\/wp-content\/uploads\/2025\/10\/DSCF6355_e-1536x1024.jpg 1536w, https:\/\/praxis-sandbothe.de\/wp-content\/uploads\/2025\/10\/DSCF6355_e-2048x1365.jpg 2048w\" sizes=\"(max-width: 800px) 100vw, 800px\" \/>\t\t\t\t\t\t\t\t\t\t\t\t\t\t\t<\/div>\n\t\t\t\t<\/div>\n\t\t<div class=\"elementor-element elementor-element-9b765d8 e-con-full e-flex e-con e-child\" data-id=\"9b765d8\" data-element_type=\"container\" data-e-type=\"container\">\n\t\t\t\t<div class=\"elementor-element elementor-element-aa2f85f elementor-widget elementor-widget-heading\" data-id=\"aa2f85f\" data-element_type=\"widget\" data-e-type=\"widget\" data-widget_type=\"heading.default\">\n\t\t\t\t\t<h2 class=\"elementor-heading-title elementor-size-default\">Wie ich behandle<\/h2>\t\t\t\t<\/div>\n\t\t\t\t<div class=\"elementor-element elementor-element-6ce74f2 elementor-widget elementor-widget-text-editor\" data-id=\"6ce74f2\" data-element_type=\"widget\" data-e-type=\"widget\" data-widget_type=\"text-editor.default\">\n\t\t\t\t\t\t\t\t\t<p>Ganzheitlich. Klar. Wertsch\u00e4tzend.<\/p><p>Ich nehme mir Zeit f\u00fcr eine umfassende Betrachtung der Beschwerden.<br data-start=\"1297\" data-end=\"1300\" \/>Durch individuelle Behandlungsans\u00e4tze unterst\u00fctze ich den K\u00f6rper dabei, in seinen gesunden Zustand zu kommen. Dazu wende ich vorrangig folgende Methoden an:<\/p><p><a href=\"https:\/\/praxis-sandbothe.de\/en\/akupunktur\/\">Akupunktur<\/a>, <a href=\"https:\/\/praxis-sandbothe.de\/en\/ohrakupunktur\/\">Ohrakupunktur<\/a> &amp; Akupressur<\/p><p><a href=\"https:\/\/praxis-sandbothe.de\/en\/ernaehrungsberatung\/\">Ern\u00e4hrungsberatung<\/a><\/p><p>Und ganz wichtig ist mir: Freude &#8211; denn Gesundheit darf Spa\u00df machen.<\/p><p>Meine Arbeitsweise ist sehr strukturiert. Ich sortiere alle zur Verf\u00fcgung stehenden Informationen zu einem ganzheitlichen Bild. Daraus ergibt sich ein individuelles Behandlungskonzept, das ich im Laufe einer Behandlung immer feiner nachjustiere.<\/p>\t\t\t\t\t\t\t\t<\/div>\n\t\t\t\t<\/div>\n\t\t\t\t\t<\/div>\n\t\t\t\t<\/div>\n\t\t<div class=\"elementor-element elementor-element-35ddcd80 e-flex e-con-boxed e-con e-parent\" data-id=\"35ddcd80\" data-element_type=\"container\" data-e-type=\"container\" data-settings=\"{&quot;background_background&quot;:&quot;classic&quot;}\">\n\t\t\t\t\t<div class=\"e-con-inner\">\n\t\t<div class=\"elementor-element elementor-element-35fcc15b e-con-full e-flex e-con e-child\" data-id=\"35fcc15b\" data-element_type=\"container\" data-e-type=\"container\">\n\t\t\t\t<div class=\"elementor-element elementor-element-9a529f9 elementor-widget elementor-widget-heading\" data-id=\"9a529f9\" data-element_type=\"widget\" data-e-type=\"widget\" data-widget_type=\"heading.default\">\n\t\t\t\t\t<h2 class=\"elementor-heading-title elementor-size-default\">Wo ich behandle<\/h2>\t\t\t\t<\/div>\n\t\t\t\t<\/div>\n\t\t<div class=\"elementor-element elementor-element-55be42c9 e-con-full e-flex e-con e-child\" data-id=\"55be42c9\" data-element_type=\"container\" data-e-type=\"container\">\n\t\t\t\t<div class=\"elementor-element elementor-element-3b14687f elementor-widget elementor-widget-text-editor\" data-id=\"3b14687f\" data-element_type=\"widget\" data-e-type=\"widget\" data-widget_type=\"text-editor.default\">\n\t\t\t\t\t\t\t\t\t<p data-pm-slice=\"1 1 []\">Meine Praxis befindet sich im sch\u00f6nen Prenzlauer Berg in Berlin.<\/p><p data-pm-slice=\"1 1 []\">Einladende R\u00e4ume und eine ruhige Atmosph\u00e4re schaffen den idealen Rahmen f\u00fcr Ihre Behandlung &#8211; ein Ort, an dem Sie sich wohlf\u00fchlen k\u00f6nnen und professionell betreut werden.<\/p>\t\t\t\t\t\t\t\t<\/div>\n\t\t\t\t<\/div>\n\t\t\t\t\t<\/div>\n\t\t\t\t<\/div>\n\t\t<div class=\"elementor-element elementor-element-3bcdd212 e-flex e-con-boxed e-con e-parent\" data-id=\"3bcdd212\" data-element_type=\"container\" data-e-type=\"container\" data-settings=\"{&quot;background_background&quot;:&quot;classic&quot;}\">\n\t\t\t\t\t<div class=\"e-con-inner\">\n\t\t<div class=\"elementor-element elementor-element-27b5ca95 e-flex e-con-boxed e-con e-child\" data-id=\"27b5ca95\" data-element_type=\"container\" data-e-type=\"container\">\n\t\t\t\t\t<div class=\"e-con-inner\">\n\t\t\t\t<div class=\"elementor-element elementor-element-7ec2f71e elementor-widget elementor-widget-heading\" data-id=\"7ec2f71e\" data-element_type=\"widget\" data-e-type=\"widget\" data-widget_type=\"heading.default\">\n\t\t\t\t\t<h2 class=\"elementor-heading-title elementor-size-default\">Weitere Fragen oder Interesse an einer Behandlung?<\/h2>\t\t\t\t<\/div>\n\t\t\t\t<div class=\"elementor-element elementor-element-293331ea elementor-widget elementor-widget-text-editor\" data-id=\"293331ea\" data-element_type=\"widget\" data-e-type=\"widget\" data-widget_type=\"text-editor.default\">\n\t\t\t\t\t\t\t\t\t<p>Nehmen Sie gern Kontakt zu mir auf, um mehr \u00fcber meine Behandlungen zu erfahren oder einen Termin in meiner Praxis in Berlin Prenzlauer Berg zu vereinbaren. Meine Kontaktdaten finden Sie unten auf der Seite. Einen Termin k\u00f6nnen Sie auch ganz einfach online \u00fcber Doctolib vereinbaren. Klicken Sie dazu auf den Button.<\/p>\t\t\t\t\t\t\t\t<\/div>\n\t\t\t\t<div class=\"elementor-element elementor-element-741fe434 elementor-widget__width-auto elementor-align-right elementor-widget elementor-widget-button\" data-id=\"741fe434\" data-element_type=\"widget\" data-e-type=\"widget\" data-widget_type=\"button.default\">\n\t\t\t\t\t\t\t\t\t\t<a class=\"elementor-button elementor-button-link elementor-size-sm\" href=\"https:\/\/www.doctolib.de\/heilpraktiker\/berlin\/hannah-sandbothe\" target=\"_blank\" rel=\"noopener\">\n\t\t\t\t\t\t<span class=\"elementor-button-content-wrapper\">\n\t\t\t\t\t\t\t\t\t<span class=\"elementor-button-text\">Termin vereinbaren<\/span>\n\t\t\t\t\t<\/span>\n\t\t\t\t\t<\/a>\n\t\t\t\t\t\t\t\t<\/div>\n\t\t\t\t\t<\/div>\n\t\t\t\t<\/div>\n\t\t\t\t\t<\/div>\n\t\t\t\t<\/div>\n\t\t\t\t<\/div>","protected":false},"excerpt":{"rendered":"<p>Praxis f\u00fcr ganzheitliche Medizin in Berlin In meiner Praxis nehme ich mir Zeit und betrachte Beschwerden ganzheitlich Mein Angebot Im Mittelpunkt meiner Arbeit als Heilpraktikerin steht die Akupunktur \u2013 eine bew\u00e4hrte Methode, die oft bereits w\u00e4hrend der Behandlung sp\u00fcrbare Linderung bringt. Je nach Anliegen erg\u00e4nze ich die Behandlung durch alltagstaugliche Ern\u00e4hrungsempfehlungen und weitere naturheilkundliche Impulse. [&hellip;]<\/p>\n","protected":false},"author":1,"featured_media":0,"parent":0,"menu_order":0,"comment_status":"closed","ping_status":"closed","template":"","meta":{"footnotes":""},"class_list":["post-85","page","type-page","status-publish","hentry"],"_links":{"self":[{"href":"https:\/\/praxis-sandbothe.de\/en\/wp-json\/wp\/v2\/pages\/85","targetHints":{"allow":["GET"]}}],"collection":[{"href":"https:\/\/praxis-sandbothe.de\/en\/wp-json\/wp\/v2\/pages"}],"about":[{"href":"https:\/\/praxis-sandbothe.de\/en\/wp-json\/wp\/v2\/types\/page"}],"author":[{"embeddable":true,"href":"https:\/\/praxis-sandbothe.de\/en\/wp-json\/wp\/v2\/users\/1"}],"replies":[{"embeddable":true,"href":"https:\/\/praxis-sandbothe.de\/en\/wp-json\/wp\/v2\/comments?post=85"}],"version-history":[{"count":10,"href":"https:\/\/praxis-sandbothe.de\/en\/wp-json\/wp\/v2\/pages\/85\/revisions"}],"predecessor-version":[{"id":1181,"href":"https:\/\/praxis-sandbothe.de\/en\/wp-json\/wp\/v2\/pages\/85\/revisions\/1181"}],"wp:attachment":[{"href":"https:\/\/praxis-sandbothe.de\/en\/wp-json\/wp\/v2\/media?parent=85"}],"curies":[{"name":"wp","href":"https:\/\/api.w.org\/{rel}","templated":true}]}}