{"id":73,"date":"2025-11-25T18:05:10","date_gmt":"2025-11-25T17:05:10","guid":{"rendered":"http:\/\/praxis-sandbothe.de\/?page_id=73"},"modified":"2026-04-08T11:32:05","modified_gmt":"2026-04-08T09:32:05","slug":"akupunktur","status":"publish","type":"page","link":"https:\/\/praxis-sandbothe.de\/en\/akupunktur\/","title":{"rendered":"Akupunktur"},"content":{"rendered":"<div data-elementor-type=\"wp-post\" data-elementor-id=\"73\" class=\"elementor elementor-73\" data-elementor-post-type=\"page\">\n\t\t\t\t<div class=\"elementor-element elementor-element-24893f90 e-flex e-con-boxed e-con e-parent\" data-id=\"24893f90\" data-element_type=\"container\" data-e-type=\"container\" data-settings=\"{&quot;background_background&quot;:&quot;classic&quot;}\">\n\t\t\t\t\t<div class=\"e-con-inner\">\n\t\t<div class=\"elementor-element elementor-element-72cbbecf e-con-full e-flex e-con e-child\" data-id=\"72cbbecf\" data-element_type=\"container\" data-e-type=\"container\">\n\t\t\t\t<div class=\"elementor-element elementor-element-3c264710 elementor-widget elementor-widget-heading\" data-id=\"3c264710\" data-element_type=\"widget\" data-e-type=\"widget\" data-widget_type=\"heading.default\">\n\t\t\t\t\t<h1 class=\"elementor-heading-title elementor-size-default\">Ganzheitliche Akupunktur in Berlin<\/h1>\t\t\t\t<\/div>\n\t\t\t\t<div class=\"elementor-element elementor-element-5164a7cc elementor-widget elementor-widget-text-editor\" data-id=\"5164a7cc\" data-element_type=\"widget\" data-e-type=\"widget\" data-widget_type=\"text-editor.default\">\n\t\t\t\t\t\t\t\t\t<p>individuell, wirksam, nachhaltig<\/p>\t\t\t\t\t\t\t\t<\/div>\n\t\t\t\t<\/div>\n\t\t\t\t\t<\/div>\n\t\t\t\t<\/div>\n\t\t<div class=\"elementor-element elementor-element-517a2512 e-flex e-con-boxed e-con e-parent\" data-id=\"517a2512\" data-element_type=\"container\" data-e-type=\"container\" data-settings=\"{&quot;background_background&quot;:&quot;classic&quot;}\">\n\t\t\t\t\t<div class=\"e-con-inner\">\n\t\t<div class=\"elementor-element elementor-element-4c311faf e-con-full e-flex e-con e-child\" data-id=\"4c311faf\" data-element_type=\"container\" data-e-type=\"container\">\n\t\t\t\t<div class=\"elementor-element elementor-element-3d82e9bc elementor-widget-mobile__width-inherit elementor-widget elementor-widget-heading\" data-id=\"3d82e9bc\" data-element_type=\"widget\" data-e-type=\"widget\" data-widget_type=\"heading.default\">\n\t\t\t\t\t<h2 class=\"elementor-heading-title elementor-size-default\">Was ich behandle<\/h2>\t\t\t\t<\/div>\n\t\t\t\t<div class=\"elementor-element elementor-element-7f0a3e14 elementor-widget elementor-widget-text-editor\" data-id=\"7f0a3e14\" data-element_type=\"widget\" data-e-type=\"widget\" data-widget_type=\"text-editor.default\">\n\t\t\t\t\t\t\t\t\t<p>Schwerpunkt meiner Praxis in Berlin Prenzlauer Berg ist die Akupunktur erg\u00e4nzt um <a href=\"https:\/\/praxis-sandbothe.de\/en\/ernaehrungsberatung\/\">Ern\u00e4hrungsberatung, <\/a><a href=\"https:\/\/praxis-sandbothe.de\/en\/ohrakupunktur\/\">Ohrakupunktur<\/a> und Akupressur. Akupunktur wirkt ganzheitlich und kann so bei einer Vielzahl von Beschwerden unterst\u00fctzen \u2013 hier ein \u00dcberblick:<\/p>\t\t\t\t\t\t\t\t<\/div>\n\t\t\t\t<\/div>\n\t\t<div class=\"elementor-element elementor-element-270ae9ee e-con-full e-flex e-con e-child\" data-id=\"270ae9ee\" data-element_type=\"container\" data-e-type=\"container\">\n\t\t<div class=\"elementor-element elementor-element-178b119a e-con-full e-flex e-con e-child\" data-id=\"178b119a\" data-element_type=\"container\" data-e-type=\"container\">\n\t\t\t\t<div class=\"elementor-element elementor-element-54972915 elementor-widget elementor-widget-heading\" data-id=\"54972915\" data-element_type=\"widget\" data-e-type=\"widget\" data-widget_type=\"heading.default\">\n\t\t\t\t\t<h4 class=\"elementor-heading-title elementor-size-default\">Stressbedingte &amp; psychische Beschwerden<\/h4>\t\t\t\t<\/div>\n\t\t\t\t<div class=\"elementor-element elementor-element-3ca0b979 elementor-widget elementor-widget-text-editor\" data-id=\"3ca0b979\" data-element_type=\"widget\" data-e-type=\"widget\" data-widget_type=\"text-editor.default\">\n\t\t\t\t\t\t\t\t\t<p>Schlaflosigkeit, innere Unruhe, Kopfschmerzen, Verspannungen, Ersch\u00f6pfung, Burnout, depressive Verstimmung, S\u00fcchte<\/p>\t\t\t\t\t\t\t\t<\/div>\n\t\t\t\t<\/div>\n\t\t<div class=\"elementor-element elementor-element-1dbcf832 e-con-full e-flex e-con e-child\" data-id=\"1dbcf832\" data-element_type=\"container\" data-e-type=\"container\">\n\t\t\t\t<div class=\"elementor-element elementor-element-7ede580d elementor-widget elementor-widget-heading\" data-id=\"7ede580d\" data-element_type=\"widget\" data-e-type=\"widget\" data-widget_type=\"heading.default\">\n\t\t\t\t\t<h4 class=\"elementor-heading-title elementor-size-default\">Beschwerden des Bewegungsapparats<\/h4>\t\t\t\t<\/div>\n\t\t\t\t<div class=\"elementor-element elementor-element-67f806e4 elementor-widget elementor-widget-text-editor\" data-id=\"67f806e4\" data-element_type=\"widget\" data-e-type=\"widget\" data-widget_type=\"text-editor.default\">\n\t\t\t\t\t\t\t\t\t<p>R\u00fcckenschmerzen, Ischiasbeschwerden, Hexenschuss, Schulter-, Knie- und H\u00fcftbeschwerden, Epikondylitis, Arthrosen, Fibromyalgie, Neuralgien<\/p>\t\t\t\t\t\t\t\t<\/div>\n\t\t\t\t<\/div>\n\t\t<div class=\"elementor-element elementor-element-2375ad5b e-con-full e-flex e-con e-child\" data-id=\"2375ad5b\" data-element_type=\"container\" data-e-type=\"container\">\n\t\t\t\t<div class=\"elementor-element elementor-element-44153636 elementor-widget elementor-widget-heading\" data-id=\"44153636\" data-element_type=\"widget\" data-e-type=\"widget\" data-widget_type=\"heading.default\">\n\t\t\t\t\t<h4 class=\"elementor-heading-title elementor-size-default\">Magen-Darm-Erkrankungen<\/h4>\t\t\t\t<\/div>\n\t\t\t\t<div class=\"elementor-element elementor-element-1df4e112 elementor-widget elementor-widget-text-editor\" data-id=\"1df4e112\" data-element_type=\"widget\" data-e-type=\"widget\" data-widget_type=\"text-editor.default\">\n\t\t\t\t\t\t\t\t\t<p>Reizdarm, Sodbrennen, Bl\u00e4hungen, Durchfall, Verstopfung, H\u00e4morrhoiden, Gastritis, Magengeschw\u00fcr, Nahrungsmittelunvertr\u00e4glichkeiten, Colitis ulcerosa, Morbus Crohn, Divertikulitis<\/p>\t\t\t\t\t\t\t\t<\/div>\n\t\t\t\t<\/div>\n\t\t<div class=\"elementor-element elementor-element-651c37cf e-con-full e-flex e-con e-child\" data-id=\"651c37cf\" data-element_type=\"container\" data-e-type=\"container\">\n\t\t\t\t<div class=\"elementor-element elementor-element-24a20ecb elementor-widget elementor-widget-heading\" data-id=\"24a20ecb\" data-element_type=\"widget\" data-e-type=\"widget\" data-widget_type=\"heading.default\">\n\t\t\t\t\t<h4 class=\"elementor-heading-title elementor-size-default\">Gyn\u00e4kologie &amp; Urologie<\/h4>\t\t\t\t<\/div>\n\t\t\t\t<div class=\"elementor-element elementor-element-53a05c95 elementor-widget elementor-widget-text-editor\" data-id=\"53a05c95\" data-element_type=\"widget\" data-e-type=\"widget\" data-widget_type=\"text-editor.default\">\n\t\t\t\t\t\t\t\t\t<p>Menstruationsbeschwerden, PMS, Endometriose, Myome, Kinderwunsch, Geburtsvorbereitung, Wechseljahrsbeschwerden, Potenzst\u00f6rungen, Harninkontinenz, Blasenentz\u00fcndungen<\/p>\t\t\t\t\t\t\t\t<\/div>\n\t\t\t\t<\/div>\n\t\t<div class=\"elementor-element elementor-element-1321aa02 e-con-full e-flex e-con e-child\" data-id=\"1321aa02\" data-element_type=\"container\" data-e-type=\"container\">\n\t\t\t\t<div class=\"elementor-element elementor-element-714bb23b elementor-widget elementor-widget-heading\" data-id=\"714bb23b\" data-element_type=\"widget\" data-e-type=\"widget\" data-widget_type=\"heading.default\">\n\t\t\t\t\t<h4 class=\"elementor-heading-title elementor-size-default\">HNO- &amp; Atemwegserkrankungen<\/h4>\t\t\t\t<\/div>\n\t\t\t\t<div class=\"elementor-element elementor-element-5c89a597 elementor-widget elementor-widget-text-editor\" data-id=\"5c89a597\" data-element_type=\"widget\" data-e-type=\"widget\" data-widget_type=\"text-editor.default\">\n\t\t\t\t\t\t\t\t\t<p>Asthma, chronische Bronchitis, Nasennebenh\u00f6hlenentz\u00fcndung, Heuschnupfen, Ohrentz\u00fcndungen, Tinnitus, generelle Infektanf\u00e4lligkeit<\/p>\t\t\t\t\t\t\t\t<\/div>\n\t\t\t\t<\/div>\n\t\t<div class=\"elementor-element elementor-element-353dd034 e-con-full e-flex e-con e-child\" data-id=\"353dd034\" data-element_type=\"container\" data-e-type=\"container\">\n\t\t\t\t<div class=\"elementor-element elementor-element-6446ad0e elementor-widget elementor-widget-heading\" data-id=\"6446ad0e\" data-element_type=\"widget\" data-e-type=\"widget\" data-widget_type=\"heading.default\">\n\t\t\t\t\t<h4 class=\"elementor-heading-title elementor-size-default\">Erkrankungen des Immunsystems<\/h4>\t\t\t\t<\/div>\n\t\t\t\t<div class=\"elementor-element elementor-element-b99266f elementor-widget elementor-widget-text-editor\" data-id=\"b99266f\" data-element_type=\"widget\" data-e-type=\"widget\" data-widget_type=\"text-editor.default\">\n\t\t\t\t\t\t\t\t\t<p>Allergien, Rheumatoide Arthritis, Psoriasis, Neurodermitis, Urtikaria, Multiple Sklerose, Long Covid, Post-Vac, Begleitung bei Krebstherapie<\/p>\t\t\t\t\t\t\t\t<\/div>\n\t\t\t\t<\/div>\n\t\t\t\t<\/div>\n\t\t\t\t\t<\/div>\n\t\t\t\t<\/div>\n\t\t<div class=\"elementor-element elementor-element-4d7cda05 e-flex e-con-boxed e-con e-parent\" data-id=\"4d7cda05\" data-element_type=\"container\" data-e-type=\"container\" data-settings=\"{&quot;background_background&quot;:&quot;classic&quot;}\">\n\t\t\t\t\t<div class=\"e-con-inner\">\n\t\t<div class=\"elementor-element elementor-element-2d3531e3 e-con-full e-flex e-con e-child\" data-id=\"2d3531e3\" data-element_type=\"container\" data-e-type=\"container\">\n\t\t\t\t<div class=\"elementor-element elementor-element-2c883949 elementor-widget elementor-widget-image\" data-id=\"2c883949\" data-element_type=\"widget\" data-e-type=\"widget\" data-widget_type=\"image.default\">\n\t\t\t\t\t\t\t\t\t\t\t\t\t\t\t<img fetchpriority=\"high\" decoding=\"async\" width=\"800\" height=\"534\" src=\"https:\/\/praxis-sandbothe.de\/wp-content\/uploads\/2025\/10\/DSCF6357-Kopie-1024x683.jpg\" class=\"attachment-large size-large wp-image-221\" alt=\"\" srcset=\"https:\/\/praxis-sandbothe.de\/wp-content\/uploads\/2025\/10\/DSCF6357-Kopie-1024x683.jpg 1024w, https:\/\/praxis-sandbothe.de\/wp-content\/uploads\/2025\/10\/DSCF6357-Kopie-300x200.jpg 300w, https:\/\/praxis-sandbothe.de\/wp-content\/uploads\/2025\/10\/DSCF6357-Kopie-768x512.jpg 768w, https:\/\/praxis-sandbothe.de\/wp-content\/uploads\/2025\/10\/DSCF6357-Kopie-1536x1024.jpg 1536w, https:\/\/praxis-sandbothe.de\/wp-content\/uploads\/2025\/10\/DSCF6357-Kopie-2048x1365.jpg 2048w\" sizes=\"(max-width: 800px) 100vw, 800px\" \/>\t\t\t\t\t\t\t\t\t\t\t\t\t\t\t<\/div>\n\t\t\t\t<\/div>\n\t\t<div class=\"elementor-element elementor-element-7543e086 e-con-full e-flex e-con e-child\" data-id=\"7543e086\" data-element_type=\"container\" data-e-type=\"container\">\n\t\t\t\t<div class=\"elementor-element elementor-element-9f8841e elementor-widget elementor-widget-heading\" data-id=\"9f8841e\" data-element_type=\"widget\" data-e-type=\"widget\" data-widget_type=\"heading.default\">\n\t\t\t\t\t<h2 class=\"elementor-heading-title elementor-size-default\">Mein Angebot<\/h2>\t\t\t\t<\/div>\n\t\t\t\t<div class=\"elementor-element elementor-element-44471d02 elementor-widget elementor-widget-text-editor\" data-id=\"44471d02\" data-element_type=\"widget\" data-e-type=\"widget\" data-widget_type=\"text-editor.default\">\n\t\t\t\t\t\t\t\t\t<p>Auf Basis modernen medizinischen Wissens wende ich in meiner Praxis in Berlin Prenzlauer Berg den ganzheitlichen Blick jahrtausendealter fern\u00f6stlicher Erfahrungsheilkunst an &#8211; die Traditionelle Chinesische Medizin (TCM).<\/p><p>Eine ihrer Therapieformen ist die Akupunktur. Sie kann Schmerzen oft augenblicklich effektiv lindern, Bewegungseinschr\u00e4nkungen verbessern, Stress reduzieren, Magen-Darm- oder hormonelle Dysbalancen ausgleichen und das Immunsystem st\u00e4rken.<\/p><p>Erg\u00e4nzend kommen bei Bedarf <a href=\"https:\/\/praxis-sandbothe.de\/en\/ernaehrungsberatung\/\">Ern\u00e4hrungsberatung<\/a>, <a href=\"https:\/\/praxis-sandbothe.de\/en\/ohrakupunktur\/\">Ohrakupunktur<\/a> und weitere heilkundliche Therapien zum Einsatz, um sowohl kurzfristig Beschwerden zu lindern als auch langfristige Gesundheit zu f\u00f6rdern.<\/p>\t\t\t\t\t\t\t\t<\/div>\n\t\t\t\t<\/div>\n\t\t\t\t\t<\/div>\n\t\t\t\t<\/div>\n\t\t<div class=\"elementor-element elementor-element-ced124 e-flex e-con-boxed e-con e-parent\" data-id=\"ced124\" data-element_type=\"container\" data-e-type=\"container\" data-settings=\"{&quot;background_background&quot;:&quot;classic&quot;}\">\n\t\t\t\t\t<div class=\"e-con-inner\">\n\t\t<div class=\"elementor-element elementor-element-2f11006d e-con-full e-flex e-con e-child\" data-id=\"2f11006d\" data-element_type=\"container\" data-e-type=\"container\">\n\t\t\t\t<div class=\"elementor-element elementor-element-5346a714 elementor-widget elementor-widget-heading\" data-id=\"5346a714\" data-element_type=\"widget\" data-e-type=\"widget\" data-widget_type=\"heading.default\">\n\t\t\t\t\t<h2 class=\"elementor-heading-title elementor-size-default\">So l\u00e4uft eine Behandlung ab<\/h2>\t\t\t\t<\/div>\n\t\t\t\t<\/div>\n\t\t<div class=\"elementor-element elementor-element-621bba88 e-con-full e-flex e-con e-child\" data-id=\"621bba88\" data-element_type=\"container\" data-e-type=\"container\">\n\t\t\t\t<div class=\"elementor-element elementor-element-5756d6c elementor-widget elementor-widget-image-box\" data-id=\"5756d6c\" data-element_type=\"widget\" data-e-type=\"widget\" data-widget_type=\"image-box.default\">\n\t\t\t\t\t<div class=\"elementor-image-box-wrapper\"><div class=\"elementor-image-box-content\"><h4 class=\"elementor-image-box-title\">1. Ausf\u00fchrliche Anamnese &amp; Beratung<\/h4><p class=\"elementor-image-box-description\">Zu Beginn nehme ich mir Zeit, Ihre Beschwerden und Ihre Lebenssituation in Ruhe kennenzulernen. Gemeinsam besprechen wir Symptome, m\u00f6gliche Ausl\u00f6ser sowie Ihre Bed\u00fcrfnisse und W\u00fcnsche. Auf dieser Grundlage entsteht ein individuelles Behandlungskonzept, das ich Ihnen im Detail erkl\u00e4re.<\/p><\/div><\/div>\t\t\t\t<\/div>\n\t\t\t\t<div class=\"elementor-element elementor-element-6df1157 elementor-widget elementor-widget-image-box\" data-id=\"6df1157\" data-element_type=\"widget\" data-e-type=\"widget\" data-widget_type=\"image-box.default\">\n\t\t\t\t\t<div class=\"elementor-image-box-wrapper\"><div class=\"elementor-image-box-content\"><h4 class=\"elementor-image-box-title\">2. Akupunkturbehandlung<\/h4><p class=\"elementor-image-box-description\">F\u00fcr die Behandlung liegen Sie entspannt auf der Liege. Die feinen Nadeln werden an ausgew\u00e4hlten Punkten gesetzt und verbleiben dort f\u00fcr etwa 20\u201330 Minuten. W\u00e4hrenddessen k\u00f6nnen Sie entspannen und zur Ruhe kommen.<\/p><\/div><\/div>\t\t\t\t<\/div>\n\t\t\t\t<div class=\"elementor-element elementor-element-804f867 elementor-widget elementor-widget-image-box\" data-id=\"804f867\" data-element_type=\"widget\" data-e-type=\"widget\" data-widget_type=\"image-box.default\">\n\t\t\t\t\t<div class=\"elementor-image-box-wrapper\"><div class=\"elementor-image-box-content\"><h4 class=\"elementor-image-box-title\">3. Kurze Nachbesprechung<\/h4><p class=\"elementor-image-box-description\">Im Anschluss besprechen wir kurz die direkten Effekte der Behandlung. Gemeinsam planen wir die weiteren Schritte, um den Verlauf Ihrer Genesung bestm\u00f6glich zu unterst\u00fctzen.<\/p><\/div><\/div>\t\t\t\t<\/div>\n\t\t\t\t<\/div>\n\t\t\t\t\t<\/div>\n\t\t\t\t<\/div>\n\t\t<div class=\"elementor-element elementor-element-656dbb86 e-flex e-con-boxed e-con e-parent\" data-id=\"656dbb86\" data-element_type=\"container\" data-e-type=\"container\" data-settings=\"{&quot;background_background&quot;:&quot;classic&quot;}\">\n\t\t\t\t\t<div class=\"e-con-inner\">\n\t\t<div class=\"elementor-element elementor-element-7b8ccb e-flex e-con-boxed e-con e-child\" data-id=\"7b8ccb\" data-element_type=\"container\" data-e-type=\"container\">\n\t\t\t\t\t<div class=\"e-con-inner\">\n\t\t\t\t<div class=\"elementor-element elementor-element-4d519660 elementor-widget elementor-widget-heading\" data-id=\"4d519660\" data-element_type=\"widget\" data-e-type=\"widget\" data-widget_type=\"heading.default\">\n\t\t\t\t\t<h2 class=\"elementor-heading-title elementor-size-default\">Weitere Fragen oder Interesse an einer Behandlung?<\/h2>\t\t\t\t<\/div>\n\t\t\t\t<div class=\"elementor-element elementor-element-1b5ccf64 elementor-widget elementor-widget-text-editor\" data-id=\"1b5ccf64\" data-element_type=\"widget\" data-e-type=\"widget\" data-widget_type=\"text-editor.default\">\n\t\t\t\t\t\t\t\t\t<p>Nehmen Sie gern Kontakt zu mir auf, um mehr \u00fcber meine Behandlungen zu erfahren oder einen Termin in meiner Praxis in Berlin Prenzlauer Berg zu vereinbaren. Meine Kontaktdaten finden Sie unten auf der Seite. Einen Termin k\u00f6nnen Sie auch ganz einfach online \u00fcber Doctolib vereinbaren. Klicken Sie dazu auf den Button.<\/p>\t\t\t\t\t\t\t\t<\/div>\n\t\t\t\t<div class=\"elementor-element elementor-element-612f5aa elementor-widget__width-auto elementor-align-right elementor-widget elementor-widget-button\" data-id=\"612f5aa\" data-element_type=\"widget\" data-e-type=\"widget\" data-widget_type=\"button.default\">\n\t\t\t\t\t\t\t\t\t\t<a class=\"elementor-button elementor-button-link elementor-size-sm\" href=\"https:\/\/www.doctolib.de\/heilpraktiker\/berlin\/hannah-sandbothe\" target=\"_blank\" rel=\"noopener\">\n\t\t\t\t\t\t<span class=\"elementor-button-content-wrapper\">\n\t\t\t\t\t\t\t\t\t<span class=\"elementor-button-text\">Termin vereinbaren<\/span>\n\t\t\t\t\t<\/span>\n\t\t\t\t\t<\/a>\n\t\t\t\t\t\t\t\t<\/div>\n\t\t\t\t\t<\/div>\n\t\t\t\t<\/div>\n\t\t\t\t\t<\/div>\n\t\t\t\t<\/div>\n\t\t\t\t<\/div>","protected":false},"excerpt":{"rendered":"<p>Ganzheitliche Akupunktur in Berlin individuell, wirksam, nachhaltig Was ich behandle Schwerpunkt meiner Praxis in Berlin Prenzlauer Berg ist die Akupunktur erg\u00e4nzt um Ern\u00e4hrungsberatung, Ohrakupunktur und Akupressur. Akupunktur wirkt ganzheitlich und kann so bei einer Vielzahl von Beschwerden unterst\u00fctzen \u2013 hier ein \u00dcberblick: Stressbedingte &amp; psychische Beschwerden Schlaflosigkeit, innere Unruhe, Kopfschmerzen, Verspannungen, Ersch\u00f6pfung, Burnout, depressive Verstimmung, [&hellip;]<\/p>\n","protected":false},"author":1,"featured_media":0,"parent":0,"menu_order":0,"comment_status":"closed","ping_status":"closed","template":"","meta":{"footnotes":""},"class_list":["post-73","page","type-page","status-publish","hentry"],"_links":{"self":[{"href":"https:\/\/praxis-sandbothe.de\/en\/wp-json\/wp\/v2\/pages\/73","targetHints":{"allow":["GET"]}}],"collection":[{"href":"https:\/\/praxis-sandbothe.de\/en\/wp-json\/wp\/v2\/pages"}],"about":[{"href":"https:\/\/praxis-sandbothe.de\/en\/wp-json\/wp\/v2\/types\/page"}],"author":[{"embeddable":true,"href":"https:\/\/praxis-sandbothe.de\/en\/wp-json\/wp\/v2\/users\/1"}],"replies":[{"embeddable":true,"href":"https:\/\/praxis-sandbothe.de\/en\/wp-json\/wp\/v2\/comments?post=73"}],"version-history":[{"count":10,"href":"https:\/\/praxis-sandbothe.de\/en\/wp-json\/wp\/v2\/pages\/73\/revisions"}],"predecessor-version":[{"id":1259,"href":"https:\/\/praxis-sandbothe.de\/en\/wp-json\/wp\/v2\/pages\/73\/revisions\/1259"}],"wp:attachment":[{"href":"https:\/\/praxis-sandbothe.de\/en\/wp-json\/wp\/v2\/media?parent=73"}],"curies":[{"name":"wp","href":"https:\/\/api.w.org\/{rel}","templated":true}]}}